{"id":5282,"date":"2025-10-29T12:35:34","date_gmt":"2025-10-29T12:35:34","guid":{"rendered":"https:\/\/applaka.net\/?page_id=5282"},"modified":"2025-11-07T12:01:34","modified_gmt":"2025-11-07T12:01:34","slug":"elementor-5282","status":"publish","type":"page","link":"https:\/\/applaka.net\/?page_id=5282","title":{"rendered":"Standart Plaka"},"content":{"rendered":"\t\t<div data-elementor-type=\"wp-page\" data-elementor-id=\"5282\" class=\"elementor elementor-5282\">\n\t\t\t\t<div class=\"elementor-element elementor-element-cb53f99 e-flex e-con-boxed wpr-particle-no wpr-jarallax-no wpr-parallax-no wpr-sticky-section-no e-con e-parent\" data-id=\"cb53f99\" data-element_type=\"container\">\n\t\t\t\t\t<div class=\"e-con-inner\">\n\t\t\t\t<div class=\"elementor-element elementor-element-795d6cb elementor-widget elementor-widget-nutreko-products\" data-id=\"795d6cb\" data-element_type=\"widget\" data-widget_type=\"nutreko-products.default\">\n\t\t\t\t<div class=\"elementor-widget-container\">\n\t\t\t\t\t<div class=\"woocommerce columns-1  woocommerce-product-grid\"><ul class=\"products nutreko-products  columns-1\"><li class=\"product-style-default product type-product post-5359 status-publish first instock product_cat-app-plaka product_cat-motor-plakasi product_cat-plakalik product_cat-standart-plaka has-post-thumbnail shipping-taxable purchasable product-type-simple\">\n    <div class=\"product-block\">\n        <div class=\"product-top\">\n            <h3 class=\"woocommerce-loop-product__title\"><a href=\"https:\/\/applaka.net\/?product=bos-oto-plaka-saci-dekorsiparis-icin-iletisime-geciniz\">Bo\u015f Oto Plaka Sac\u0131 (Dekor)(Sipari\u015f i\u00e7in ileti\u015fime ge\u00e7iniz)<\/a><\/h3>            <div class=\"posted-in\"><a href=\"https:\/\/applaka.net\/?product_cat=app-plaka\" rel=\"tag\">App Plaka<\/a>, <a href=\"https:\/\/applaka.net\/?product_cat=motor-plakasi\" rel=\"tag\">Motor Plakas\u0131<\/a>, <a href=\"https:\/\/applaka.net\/?product_cat=plakalik\" rel=\"tag\">Plakal\u0131k<\/a>, <a href=\"https:\/\/applaka.net\/?product_cat=standart-plaka\" rel=\"tag\">Standart Plaka<\/a><\/div>        <\/div>\n                <div class=\"tooltip-left group-action\">\n            <div class=\"shop-action\">\n                <button class=\"woosw-btn woosw-btn-5359\" data-id=\"5359\" data-product_name=\"Bo\u015f Oto Plaka Sac\u0131 (Dekor)(Sipari\u015f i\u00e7in ileti\u015fime ge\u00e7iniz)\" data-product_image=\"https:\/\/applaka.net\/wp-content\/uploads\/2025\/10\/pngtree-car-license-plate-of-turkey-vector-template-numberplate-licence-information-vector-png-image_44057596-150x150.jpg\" aria-label=\"Add to wishlist\">Add to wishlist<\/button><button class=\"woosc-btn woosc-btn-5359 \" data-text=\"Compare\" data-text_added=\"Compare\" data-id=\"5359\" data-product_id=\"5359\" data-product_name=\"Bo\u015f Oto Plaka Sac\u0131 (Dekor)(Sipari\u015f i\u00e7in ileti\u015fime ge\u00e7iniz)\" data-product_image=\"https:\/\/applaka.net\/wp-content\/uploads\/2025\/10\/pngtree-car-license-plate-of-turkey-vector-template-numberplate-licence-information-vector-png-image_44057596-150x150.jpg\">Compare<\/button><button class=\"woosq-btn woosq-btn-5359\" data-id=\"5359\" data-effect=\"mfp-3d-unfold\" data-context=\"default\">Quick view<\/button>            <\/div>\n        <\/div>\n                <div class=\"product-transition\">\n            <div class=\"product-image image-main\"><img fetchpriority=\"high\" decoding=\"async\" width=\"450\" height=\"144\" src=\"https:\/\/applaka.net\/wp-content\/uploads\/2025\/10\/pngtree-car-license-plate-of-turkey-vector-template-numberplate-licence-information-vector-png-image_44057596-450x144.jpg\" class=\"attachment-woocommerce_thumbnail size-woocommerce_thumbnail\" alt=\"Bo\u015f Oto Plaka Sac\u0131 (Dekor)(Sipari\u015f i\u00e7in ileti\u015fime ge\u00e7iniz)\" srcset=\"https:\/\/applaka.net\/wp-content\/uploads\/2025\/10\/pngtree-car-license-plate-of-turkey-vector-template-numberplate-licence-information-vector-png-image_44057596-450x144.jpg 450w, https:\/\/applaka.net\/wp-content\/uploads\/2025\/10\/pngtree-car-license-plate-of-turkey-vector-template-numberplate-licence-information-vector-png-image_44057596-300x96.jpg 300w, https:\/\/applaka.net\/wp-content\/uploads\/2025\/10\/pngtree-car-license-plate-of-turkey-vector-template-numberplate-licence-information-vector-png-image_44057596-1024x327.jpg 1024w, https:\/\/applaka.net\/wp-content\/uploads\/2025\/10\/pngtree-car-license-plate-of-turkey-vector-template-numberplate-licence-information-vector-png-image_44057596-768x245.jpg 768w, https:\/\/applaka.net\/wp-content\/uploads\/2025\/10\/pngtree-car-license-plate-of-turkey-vector-template-numberplate-licence-information-vector-png-image_44057596-800x255.jpg 800w, https:\/\/applaka.net\/wp-content\/uploads\/2025\/10\/pngtree-car-license-plate-of-turkey-vector-template-numberplate-licence-information-vector-png-image_44057596.jpg 1128w\" sizes=\"(max-width: 450px) 100vw, 450px\" \/><\/div>                        <a href=\"https:\/\/applaka.net\/?product=bos-oto-plaka-saci-dekorsiparis-icin-iletisime-geciniz\" class=\"woocommerce-LoopProduct-link woocommerce-loop-product__link\">            <\/a>        <\/div>\n        <div class=\"product-caption\">\n            \n\t<span class=\"price\"><span class=\"woocs_price_code\" data-currency=\"\" data-redraw-id=\"69fcc1af18603\"  data-product-id=\"5359\"><span class=\"woocommerce-Price-amount amount\"><bdi><span class=\"woocommerce-Price-currencySymbol\">&#8378;<\/span>&nbsp;0,00<\/bdi><\/span><\/span><\/span>\n            <div class=\"product-labels\">\n                            <\/div>\n        <\/div>\n        <div class=\"product-caption-bottom\">\n            <a href=\"https:\/\/applaka.net\/?product=bos-oto-plaka-saci-dekorsiparis-icin-iletisime-geciniz\"  data-quantity=\"1\" class=\"button product_type_simple add_to_cart_button ajax_add_to_cart\" data-product_id=\"5359\" data-product_sku=\"\" aria-label=\"Sepete ekle: \u201cBo\u015f Oto Plaka Sac\u0131 (Dekor)(Sipari\u015f i\u00e7in ileti\u015fime ge\u00e7iniz)\u201d\" rel=\"nofollow\" data-success_message=\"&quot;Bo\u015f Oto Plaka Sac\u0131 (Dekor)(Sipari\u015f i\u00e7in ileti\u015fime ge\u00e7iniz)&quot; sepetinize eklendi\" role=\"button\">Select options<\/a>        <\/div>\n    <\/div>\n<\/li>\n<li class=\"product-style-default product type-product post-5356 status-publish first instock product_cat-standart-plaka has-post-thumbnail sale shipping-taxable purchasable product-type-variable\">\n    <div class=\"product-block\">\n        <div class=\"product-top\">\n            <h3 class=\"woocommerce-loop-product__title\"><a href=\"https:\/\/applaka.net\/?product=muhurluuzunmuhurlukare-standart-plaka\">M\u00fch\u00fcrl\u00fc(Uzun)+M\u00fch\u00fcrl\u00fc(Kare) Standart Plaka<\/a><\/h3>            <div class=\"posted-in\"><a href=\"https:\/\/applaka.net\/?product_cat=standart-plaka\" rel=\"tag\">Standart Plaka<\/a><\/div>        <\/div>\n                <div class=\"tooltip-left group-action\">\n            <div class=\"shop-action\">\n                <button class=\"woosw-btn woosw-btn-5356\" data-id=\"5356\" data-product_name=\"M\u00fch\u00fcrl\u00fc(Uzun)+M\u00fch\u00fcrl\u00fc(Kare) Standart Plaka\" data-product_image=\"https:\/\/applaka.net\/wp-content\/uploads\/2025\/10\/Pokerpleksi_ecf3084fcba4a5284d99c7f4f3a93205-1-150x150.jpeg\" aria-label=\"Add to wishlist\">Add to wishlist<\/button><button class=\"woosc-btn woosc-btn-5356 \" data-text=\"Compare\" data-text_added=\"Compare\" data-id=\"5356\" data-product_id=\"5356\" data-product_name=\"M\u00fch\u00fcrl\u00fc(Uzun)+M\u00fch\u00fcrl\u00fc(Kare) Standart Plaka\" data-product_image=\"https:\/\/applaka.net\/wp-content\/uploads\/2025\/10\/Pokerpleksi_ecf3084fcba4a5284d99c7f4f3a93205-1-150x150.jpeg\">Compare<\/button><button class=\"woosq-btn woosq-btn-5356\" data-id=\"5356\" data-effect=\"mfp-3d-unfold\" data-context=\"default\">Quick view<\/button>            <\/div>\n        <\/div>\n                <div class=\"product-transition\">\n            <div class=\"product-image image-main\"><img decoding=\"async\" width=\"450\" height=\"450\" src=\"https:\/\/applaka.net\/wp-content\/uploads\/2025\/10\/Pokerpleksi_ecf3084fcba4a5284d99c7f4f3a93205-1-450x450.jpeg\" class=\"attachment-woocommerce_thumbnail size-woocommerce_thumbnail\" alt=\"M\u00fch\u00fcrl\u00fc(Uzun)+M\u00fch\u00fcrl\u00fc(Kare) Standart Plaka\" srcset=\"https:\/\/applaka.net\/wp-content\/uploads\/2025\/10\/Pokerpleksi_ecf3084fcba4a5284d99c7f4f3a93205-1-450x450.jpeg 450w, https:\/\/applaka.net\/wp-content\/uploads\/2025\/10\/Pokerpleksi_ecf3084fcba4a5284d99c7f4f3a93205-1-300x300.jpeg 300w, https:\/\/applaka.net\/wp-content\/uploads\/2025\/10\/Pokerpleksi_ecf3084fcba4a5284d99c7f4f3a93205-1-150x150.jpeg 150w, https:\/\/applaka.net\/wp-content\/uploads\/2025\/10\/Pokerpleksi_ecf3084fcba4a5284d99c7f4f3a93205-1-768x768.jpeg 768w, https:\/\/applaka.net\/wp-content\/uploads\/2025\/10\/Pokerpleksi_ecf3084fcba4a5284d99c7f4f3a93205-1-800x800.jpeg 800w, https:\/\/applaka.net\/wp-content\/uploads\/2025\/10\/Pokerpleksi_ecf3084fcba4a5284d99c7f4f3a93205-1-100x100.jpeg 100w, https:\/\/applaka.net\/wp-content\/uploads\/2025\/10\/Pokerpleksi_ecf3084fcba4a5284d99c7f4f3a93205-1-50x50.jpeg 50w, https:\/\/applaka.net\/wp-content\/uploads\/2025\/10\/Pokerpleksi_ecf3084fcba4a5284d99c7f4f3a93205-1-600x600.jpeg 600w, https:\/\/applaka.net\/wp-content\/uploads\/2025\/10\/Pokerpleksi_ecf3084fcba4a5284d99c7f4f3a93205-1-96x96.jpeg 96w, https:\/\/applaka.net\/wp-content\/uploads\/2025\/10\/Pokerpleksi_ecf3084fcba4a5284d99c7f4f3a93205-1-460x460.jpeg 460w, https:\/\/applaka.net\/wp-content\/uploads\/2025\/10\/Pokerpleksi_ecf3084fcba4a5284d99c7f4f3a93205-1.jpeg 1000w\" sizes=\"(max-width: 450px) 100vw, 450px\" \/><\/div>                        <div class=\"time-sale\" style=\"display:none;\">\n                                <div class=\"nutreko-countdown variable\" data-countdown=\"true\" data-date=\"[]\">\n                    <div class=\"countdown-item\">\n                        <span class=\"countdown-digits countdown-days\"><\/span>\n                        <span class=\"countdown-label\">days<\/span>\n                    <\/div>\n                    <div class=\"countdown-item\">\n                        <span class=\"countdown-digits countdown-hours\"><\/span>\n                        <span class=\"countdown-label\">hrs<\/span>\n                    <\/div>\n                    <div class=\"countdown-item\">\n                        <span class=\"countdown-digits countdown-minutes\"><\/span>\n                        <span class=\"countdown-label\">mins<\/span>\n                    <\/div>\n                    <div class=\"countdown-item\">\n                        <span class=\"countdown-digits countdown-seconds\"><\/span>\n                        <span class=\"countdown-label\">secs<\/span>\n                    <\/div>\n                <\/div>\n            <\/div>\n                        <a href=\"https:\/\/applaka.net\/?product=muhurluuzunmuhurlukare-standart-plaka\" class=\"woocommerce-LoopProduct-link woocommerce-loop-product__link\">            <\/a>        <\/div>\n        <div class=\"product-caption\">\n            \n\t<span class=\"price\"><span class=\"woocs_price_code\" data-currency=\"\" data-redraw-id=\"69fcc1af20443\"  data-product-id=\"5356\"><span class=\"woocommerce-Price-amount amount\" aria-hidden=\"true\"><bdi><span class=\"woocommerce-Price-currencySymbol\">&#8378;<\/span>&nbsp;354,90<\/bdi><\/span> <span aria-hidden=\"true\"> \u2013 <\/span> <span class=\"woocommerce-Price-amount amount\" aria-hidden=\"true\"><bdi><span class=\"woocommerce-Price-currencySymbol\">&#8378;<\/span>&nbsp;591,50<\/bdi><\/span><span class=\"screen-reader-text\">Fiyat aral\u0131\u011f\u0131: &#8378;&nbsp;354,90 - &#8378;&nbsp;591,50<\/span><\/span><\/span>\n            <div class=\"product-labels\">\n                \n\t<span class=\"product-label onsale\">Sale  24%<\/span>\n\t            <\/div>\n        <\/div>\n        <div class=\"product-caption-bottom\">\n            <a href=\"https:\/\/applaka.net\/?product=muhurluuzunmuhurlukare-standart-plaka\"  data-quantity=\"1\" class=\"button product_type_variable add_to_cart_button\" data-product_id=\"5356\" data-product_sku=\"\" aria-label=\"&ldquo;M\u00fch\u00fcrl\u00fc(Uzun)+M\u00fch\u00fcrl\u00fc(Kare) Standart Plaka&rdquo; i\u00e7in se\u00e7enekleri se\u00e7in\" rel=\"nofollow\">Select options<\/a>        <\/div>\n    <\/div>\n<\/li>\n<li class=\"product-style-default product type-product post-5348 status-publish first instock product_cat-standart-plaka has-post-thumbnail sale shipping-taxable purchasable product-type-variable\">\n    <div class=\"product-block\">\n        <div class=\"product-top\">\n            <h3 class=\"woocommerce-loop-product__title\"><a href=\"https:\/\/applaka.net\/?product=muhurlu-standart-plaka\">M\u00fch\u00fcrl\u00fc Standart Plaka<\/a><\/h3>            <div class=\"posted-in\"><a href=\"https:\/\/applaka.net\/?product_cat=standart-plaka\" rel=\"tag\">Standart Plaka<\/a><\/div>        <\/div>\n                <div class=\"tooltip-left group-action\">\n            <div class=\"shop-action\">\n                <button class=\"woosw-btn woosw-btn-5348\" data-id=\"5348\" data-product_name=\"M\u00fch\u00fcrl\u00fc Standart Plaka\" data-product_image=\"https:\/\/applaka.net\/wp-content\/uploads\/2025\/10\/IMG-20240425-WA0007-480x480-1-150x150.jpg\" aria-label=\"Add to wishlist\">Add to wishlist<\/button><button class=\"woosc-btn woosc-btn-5348 \" data-text=\"Compare\" data-text_added=\"Compare\" data-id=\"5348\" data-product_id=\"5348\" data-product_name=\"M\u00fch\u00fcrl\u00fc Standart Plaka\" data-product_image=\"https:\/\/applaka.net\/wp-content\/uploads\/2025\/10\/IMG-20240425-WA0007-480x480-1-150x150.jpg\">Compare<\/button><button class=\"woosq-btn woosq-btn-5348\" data-id=\"5348\" data-effect=\"mfp-3d-unfold\" data-context=\"default\">Quick view<\/button>            <\/div>\n        <\/div>\n                <div class=\"product-transition\">\n            <div class=\"product-image image-main\"><img decoding=\"async\" width=\"450\" height=\"450\" src=\"https:\/\/applaka.net\/wp-content\/uploads\/2025\/10\/IMG-20240425-WA0007-480x480-1-450x450.jpg\" class=\"attachment-woocommerce_thumbnail size-woocommerce_thumbnail\" alt=\"M\u00fch\u00fcrl\u00fc Standart Plaka\" srcset=\"https:\/\/applaka.net\/wp-content\/uploads\/2025\/10\/IMG-20240425-WA0007-480x480-1-450x450.jpg 450w, https:\/\/applaka.net\/wp-content\/uploads\/2025\/10\/IMG-20240425-WA0007-480x480-1-300x300.jpg 300w, https:\/\/applaka.net\/wp-content\/uploads\/2025\/10\/IMG-20240425-WA0007-480x480-1-150x150.jpg 150w, https:\/\/applaka.net\/wp-content\/uploads\/2025\/10\/IMG-20240425-WA0007-480x480-1-100x100.jpg 100w, https:\/\/applaka.net\/wp-content\/uploads\/2025\/10\/IMG-20240425-WA0007-480x480-1-50x50.jpg 50w, https:\/\/applaka.net\/wp-content\/uploads\/2025\/10\/IMG-20240425-WA0007-480x480-1-96x96.jpg 96w, https:\/\/applaka.net\/wp-content\/uploads\/2025\/10\/IMG-20240425-WA0007-480x480-1-460x460.jpg 460w, https:\/\/applaka.net\/wp-content\/uploads\/2025\/10\/IMG-20240425-WA0007-480x480-1.jpg 480w\" sizes=\"(max-width: 450px) 100vw, 450px\" \/><\/div>                        <div class=\"time-sale\" style=\"display:none;\">\n                                <div class=\"nutreko-countdown variable\" data-countdown=\"true\" data-date=\"[]\">\n                    <div class=\"countdown-item\">\n                        <span class=\"countdown-digits countdown-days\"><\/span>\n                        <span class=\"countdown-label\">days<\/span>\n                    <\/div>\n                    <div class=\"countdown-item\">\n                        <span class=\"countdown-digits countdown-hours\"><\/span>\n                        <span class=\"countdown-label\">hrs<\/span>\n                    <\/div>\n                    <div class=\"countdown-item\">\n                        <span class=\"countdown-digits countdown-minutes\"><\/span>\n                        <span class=\"countdown-label\">mins<\/span>\n                    <\/div>\n                    <div class=\"countdown-item\">\n                        <span class=\"countdown-digits countdown-seconds\"><\/span>\n                        <span class=\"countdown-label\">secs<\/span>\n                    <\/div>\n                <\/div>\n            <\/div>\n                        <a href=\"https:\/\/applaka.net\/?product=muhurlu-standart-plaka\" class=\"woocommerce-LoopProduct-link woocommerce-loop-product__link\">            <\/a>        <\/div>\n        <div class=\"product-caption\">\n            \n\t<span class=\"price\"><span class=\"woocs_price_code\" data-currency=\"\" data-redraw-id=\"69fcc1af261e5\"  data-product-id=\"5348\"><span class=\"woocommerce-Price-amount amount\" aria-hidden=\"true\"><bdi><span class=\"woocommerce-Price-currencySymbol\">&#8378;<\/span>&nbsp;318,50<\/bdi><\/span> <span aria-hidden=\"true\"> \u2013 <\/span> <span class=\"woocommerce-Price-amount amount\" aria-hidden=\"true\"><bdi><span class=\"woocommerce-Price-currencySymbol\">&#8378;<\/span>&nbsp;546,00<\/bdi><\/span><span class=\"screen-reader-text\">Fiyat aral\u0131\u011f\u0131: &#8378;&nbsp;318,50 - &#8378;&nbsp;546,00<\/span><\/span><\/span>\n            <div class=\"product-labels\">\n                \n\t<span class=\"product-label onsale\">Sale  22%<\/span>\n\t            <\/div>\n        <\/div>\n        <div class=\"product-caption-bottom\">\n            <a href=\"https:\/\/applaka.net\/?product=muhurlu-standart-plaka\"  data-quantity=\"1\" class=\"button product_type_variable add_to_cart_button\" data-product_id=\"5348\" data-product_sku=\"\" aria-label=\"&ldquo;M\u00fch\u00fcrl\u00fc Standart Plaka&rdquo; i\u00e7in se\u00e7enekleri se\u00e7in\" rel=\"nofollow\">Select options<\/a>        <\/div>\n    <\/div>\n<\/li>\n<\/ul><\/div>        \t\t\t\t<\/div>\n\t\t\t\t<\/div>\n\t\t\t\t\t<\/div>\n\t\t\t\t<\/div>\n\t\t\t\t<\/div>\n\t\t","protected":false},"excerpt":{"rendered":"<p>M\u00fch\u00fcrl\u00fc(Uzun)+M\u00fch\u00fcrl\u00fc(Kare) Standart Plaka Standart Plaka Add to wishlistCompareQuick view days hrs mins secs &#8378;&nbsp;354,90 \u2013 &#8378;&nbsp;591,50Fiyat aral\u0131\u011f\u0131: &#8378;&nbsp;354,90 &#8211; &#8378;&nbsp;591,50 Sale 24% Select options M\u00fch\u00fcrl\u00fc Standart Plaka Standart Plaka Add to wishlistCompareQuick view days hrs mins secs &#8378;&nbsp;318,50 \u2013 &#8378;&nbsp;546,00Fiyat aral\u0131\u011f\u0131: &#8378;&nbsp;318,50 &#8211; &#8378;&nbsp;546,00 Sale 22% Select options Bisiklet Plaka Motor Plakas\u0131, Standart Plaka Add to wishlistCompareQuick view &#8378;&nbsp;600,00 Orijinal fiyat: &#8378;&nbsp;600,00.&#8378;&nbsp;500,00\u015eu andaki fiyat: &#8378;&nbsp;500,00. Sale 17% Select options<\/p>\n","protected":false},"author":1,"featured_media":0,"parent":0,"menu_order":0,"comment_status":"closed","ping_status":"closed","template":"","meta":{"footnotes":""},"class_list":["post-5282","page","type-page","status-publish","hentry"],"_links":{"self":[{"href":"https:\/\/applaka.net\/index.php?rest_route=\/wp\/v2\/pages\/5282","targetHints":{"allow":["GET"]}}],"collection":[{"href":"https:\/\/applaka.net\/index.php?rest_route=\/wp\/v2\/pages"}],"about":[{"href":"https:\/\/applaka.net\/index.php?rest_route=\/wp\/v2\/types\/page"}],"author":[{"embeddable":true,"href":"https:\/\/applaka.net\/index.php?rest_route=\/wp\/v2\/users\/1"}],"replies":[{"embeddable":true,"href":"https:\/\/applaka.net\/index.php?rest_route=%2Fwp%2Fv2%2Fcomments&post=5282"}],"version-history":[{"count":9,"href":"https:\/\/applaka.net\/index.php?rest_route=\/wp\/v2\/pages\/5282\/revisions"}],"predecessor-version":[{"id":5447,"href":"https:\/\/applaka.net\/index.php?rest_route=\/wp\/v2\/pages\/5282\/revisions\/5447"}],"wp:attachment":[{"href":"https:\/\/applaka.net\/index.php?rest_route=%2Fwp%2Fv2%2Fmedia&parent=5282"}],"curies":[{"name":"wp","href":"https:\/\/api.w.org\/{rel}","templated":true}]}}