{"id":5289,"date":"2025-10-29T12:39:37","date_gmt":"2025-10-29T12:39:37","guid":{"rendered":"https:\/\/applaka.net\/?page_id=5289"},"modified":"2025-11-07T12:01:31","modified_gmt":"2025-11-07T12:01:31","slug":"motor-plakasi","status":"publish","type":"page","link":"https:\/\/applaka.net\/?page_id=5289","title":{"rendered":"Motor Plakas\u0131"},"content":{"rendered":"\t\t<div data-elementor-type=\"wp-page\" data-elementor-id=\"5289\" class=\"elementor elementor-5289\">\n\t\t\t\t<div class=\"elementor-element elementor-element-478d1e9 e-flex e-con-boxed wpr-particle-no wpr-jarallax-no wpr-parallax-no wpr-sticky-section-no e-con e-parent\" data-id=\"478d1e9\" data-element_type=\"container\">\n\t\t\t\t\t<div class=\"e-con-inner\">\n\t\t\t\t<div class=\"elementor-element elementor-element-56685f0 elementor-widget elementor-widget-nutreko-products\" data-id=\"56685f0\" data-element_type=\"widget\" data-widget_type=\"nutreko-products.default\">\n\t\t\t\t<div class=\"elementor-widget-container\">\n\t\t\t\t\t<div class=\"woocommerce columns-1  woocommerce-product-grid\"><ul class=\"products nutreko-products  columns-1\"><li class=\"product-style-default product type-product post-5420 status-publish first instock product_cat-motor-plakasi product_cat-uncategorized has-post-thumbnail sale shipping-taxable purchasable product-type-variable\">\n    <div class=\"product-block\">\n        <div class=\"product-top\">\n            <h3 class=\"woocommerce-loop-product__title\"><a href=\"https:\/\/applaka.net\/?product=tuvturk-motorsiklet-plaka-2\">T\u00fcvt\u00fcrk Motorsiklet Plaka<\/a><\/h3>            <div class=\"posted-in\"><a href=\"https:\/\/applaka.net\/?product_cat=motor-plakasi\" rel=\"tag\">Motor Plakas\u0131<\/a>, <a href=\"https:\/\/applaka.net\/?product_cat=uncategorized\" rel=\"tag\">Uncategorized<\/a><\/div>        <\/div>\n                <div class=\"tooltip-left group-action\">\n            <div class=\"shop-action\">\n                <button class=\"woosw-btn woosw-btn-5420\" data-id=\"5420\" data-product_name=\"T\u00fcvt\u00fcrk Motorsiklet Plaka\" data-product_image=\"https:\/\/applaka.net\/wp-content\/uploads\/2024\/09\/motor-standart-150x150.jpg\" aria-label=\"Add to wishlist\">Add to wishlist<\/button><button class=\"woosc-btn woosc-btn-5420 \" data-text=\"Compare\" data-text_added=\"Compare\" data-id=\"5420\" data-product_id=\"5420\" data-product_name=\"T\u00fcvt\u00fcrk Motorsiklet Plaka\" data-product_image=\"https:\/\/applaka.net\/wp-content\/uploads\/2024\/09\/motor-standart-150x150.jpg\">Compare<\/button><button class=\"woosq-btn woosq-btn-5420\" data-id=\"5420\" data-effect=\"mfp-3d-unfold\" data-context=\"default\">Quick view<\/button>            <\/div>\n        <\/div>\n                <div class=\"product-transition\">\n            <div class=\"product-image image-main\"><img fetchpriority=\"high\" decoding=\"async\" width=\"450\" height=\"368\" src=\"https:\/\/applaka.net\/wp-content\/uploads\/2024\/09\/motor-standart-450x368.jpg\" class=\"attachment-woocommerce_thumbnail size-woocommerce_thumbnail\" alt=\"T\u00fcvt\u00fcrk Motorsiklet Plaka\" srcset=\"https:\/\/applaka.net\/wp-content\/uploads\/2024\/09\/motor-standart-450x368.jpg 450w, https:\/\/applaka.net\/wp-content\/uploads\/2024\/09\/motor-standart-300x245.jpg 300w, https:\/\/applaka.net\/wp-content\/uploads\/2024\/09\/motor-standart.jpg 489w\" sizes=\"(max-width: 450px) 100vw, 450px\" \/><\/div>                        <div class=\"time-sale\" style=\"display:none;\">\n                                <div class=\"nutreko-countdown variable\" data-countdown=\"true\" data-date=\"[]\">\n                    <div class=\"countdown-item\">\n                        <span class=\"countdown-digits countdown-days\"><\/span>\n                        <span class=\"countdown-label\">days<\/span>\n                    <\/div>\n                    <div class=\"countdown-item\">\n                        <span class=\"countdown-digits countdown-hours\"><\/span>\n                        <span class=\"countdown-label\">hrs<\/span>\n                    <\/div>\n                    <div class=\"countdown-item\">\n                        <span class=\"countdown-digits countdown-minutes\"><\/span>\n                        <span class=\"countdown-label\">mins<\/span>\n                    <\/div>\n                    <div class=\"countdown-item\">\n                        <span class=\"countdown-digits countdown-seconds\"><\/span>\n                        <span class=\"countdown-label\">secs<\/span>\n                    <\/div>\n                <\/div>\n            <\/div>\n                        <a href=\"https:\/\/applaka.net\/?product=tuvturk-motorsiklet-plaka-2\" class=\"woocommerce-LoopProduct-link woocommerce-loop-product__link\">            <\/a>        <\/div>\n        <div class=\"product-caption\">\n            \n\t<span class=\"price\"><span class=\"woocs_price_code\" data-currency=\"\" data-redraw-id=\"69fcc1134380a\"  data-product-id=\"5420\"><del aria-hidden=\"true\"><span class=\"woocommerce-Price-amount amount\"><bdi><span class=\"woocommerce-Price-currencySymbol\">&#8378;<\/span>&nbsp;546,00<\/bdi><\/span><\/del> <span class=\"screen-reader-text\">Orijinal fiyat: &#8378;&nbsp;546,00.<\/span><ins aria-hidden=\"true\"><span class=\"woocommerce-Price-amount amount\"><bdi><span class=\"woocommerce-Price-currencySymbol\">&#8378;<\/span>&nbsp;455,00<\/bdi><\/span><\/ins><span class=\"screen-reader-text\">\u015eu andaki fiyat: &#8378;&nbsp;455,00.<\/span><\/span><\/span>\n            <div class=\"product-labels\">\n                \n\t<span class=\"product-label onsale\">Sale  17%<\/span>\n\t            <\/div>\n        <\/div>\n        <div class=\"product-caption-bottom\">\n            <a href=\"https:\/\/applaka.net\/?product=tuvturk-motorsiklet-plaka-2\"  data-quantity=\"1\" class=\"button product_type_variable add_to_cart_button\" data-product_id=\"5420\" data-product_sku=\"\" aria-label=\"&ldquo;T\u00fcvt\u00fcrk Motorsiklet Plaka&rdquo; i\u00e7in se\u00e7enekleri se\u00e7in\" rel=\"nofollow\">Select options<\/a>        <\/div>\n    <\/div>\n<\/li>\n<li class=\"product-style-default product type-product post-5359 status-publish first instock product_cat-app-plaka product_cat-motor-plakasi product_cat-plakalik product_cat-standart-plaka has-post-thumbnail shipping-taxable purchasable product-type-simple\">\n    <div class=\"product-block\">\n        <div class=\"product-top\">\n            <h3 class=\"woocommerce-loop-product__title\"><a href=\"https:\/\/applaka.net\/?product=bos-oto-plaka-saci-dekorsiparis-icin-iletisime-geciniz\">Bo\u015f Oto Plaka Sac\u0131 (Dekor)(Sipari\u015f i\u00e7in ileti\u015fime ge\u00e7iniz)<\/a><\/h3>            <div class=\"posted-in\"><a href=\"https:\/\/applaka.net\/?product_cat=app-plaka\" rel=\"tag\">App Plaka<\/a>, <a href=\"https:\/\/applaka.net\/?product_cat=motor-plakasi\" rel=\"tag\">Motor Plakas\u0131<\/a>, <a href=\"https:\/\/applaka.net\/?product_cat=plakalik\" rel=\"tag\">Plakal\u0131k<\/a>, <a href=\"https:\/\/applaka.net\/?product_cat=standart-plaka\" rel=\"tag\">Standart Plaka<\/a><\/div>        <\/div>\n                <div class=\"tooltip-left group-action\">\n            <div class=\"shop-action\">\n                <button class=\"woosw-btn woosw-btn-5359\" data-id=\"5359\" data-product_name=\"Bo\u015f Oto Plaka Sac\u0131 (Dekor)(Sipari\u015f i\u00e7in ileti\u015fime ge\u00e7iniz)\" data-product_image=\"https:\/\/applaka.net\/wp-content\/uploads\/2025\/10\/pngtree-car-license-plate-of-turkey-vector-template-numberplate-licence-information-vector-png-image_44057596-150x150.jpg\" aria-label=\"Add to wishlist\">Add to wishlist<\/button><button class=\"woosc-btn woosc-btn-5359 \" data-text=\"Compare\" data-text_added=\"Compare\" data-id=\"5359\" data-product_id=\"5359\" data-product_name=\"Bo\u015f Oto Plaka Sac\u0131 (Dekor)(Sipari\u015f i\u00e7in ileti\u015fime ge\u00e7iniz)\" data-product_image=\"https:\/\/applaka.net\/wp-content\/uploads\/2025\/10\/pngtree-car-license-plate-of-turkey-vector-template-numberplate-licence-information-vector-png-image_44057596-150x150.jpg\">Compare<\/button><button class=\"woosq-btn woosq-btn-5359\" data-id=\"5359\" data-effect=\"mfp-3d-unfold\" data-context=\"default\">Quick view<\/button>            <\/div>\n        <\/div>\n                <div class=\"product-transition\">\n            <div class=\"product-image image-main\"><img decoding=\"async\" width=\"450\" height=\"144\" src=\"https:\/\/applaka.net\/wp-content\/uploads\/2025\/10\/pngtree-car-license-plate-of-turkey-vector-template-numberplate-licence-information-vector-png-image_44057596-450x144.jpg\" class=\"attachment-woocommerce_thumbnail size-woocommerce_thumbnail\" alt=\"Bo\u015f Oto Plaka Sac\u0131 (Dekor)(Sipari\u015f i\u00e7in ileti\u015fime ge\u00e7iniz)\" srcset=\"https:\/\/applaka.net\/wp-content\/uploads\/2025\/10\/pngtree-car-license-plate-of-turkey-vector-template-numberplate-licence-information-vector-png-image_44057596-450x144.jpg 450w, https:\/\/applaka.net\/wp-content\/uploads\/2025\/10\/pngtree-car-license-plate-of-turkey-vector-template-numberplate-licence-information-vector-png-image_44057596-300x96.jpg 300w, https:\/\/applaka.net\/wp-content\/uploads\/2025\/10\/pngtree-car-license-plate-of-turkey-vector-template-numberplate-licence-information-vector-png-image_44057596-1024x327.jpg 1024w, https:\/\/applaka.net\/wp-content\/uploads\/2025\/10\/pngtree-car-license-plate-of-turkey-vector-template-numberplate-licence-information-vector-png-image_44057596-768x245.jpg 768w, https:\/\/applaka.net\/wp-content\/uploads\/2025\/10\/pngtree-car-license-plate-of-turkey-vector-template-numberplate-licence-information-vector-png-image_44057596-800x255.jpg 800w, https:\/\/applaka.net\/wp-content\/uploads\/2025\/10\/pngtree-car-license-plate-of-turkey-vector-template-numberplate-licence-information-vector-png-image_44057596.jpg 1128w\" sizes=\"(max-width: 450px) 100vw, 450px\" \/><\/div>                        <a href=\"https:\/\/applaka.net\/?product=bos-oto-plaka-saci-dekorsiparis-icin-iletisime-geciniz\" class=\"woocommerce-LoopProduct-link woocommerce-loop-product__link\">            <\/a>        <\/div>\n        <div class=\"product-caption\">\n            \n\t<span class=\"price\"><span class=\"woocs_price_code\" data-currency=\"\" data-redraw-id=\"69fcc1134739a\"  data-product-id=\"5359\"><span class=\"woocommerce-Price-amount amount\"><bdi><span class=\"woocommerce-Price-currencySymbol\">&#8378;<\/span>&nbsp;0,00<\/bdi><\/span><\/span><\/span>\n            <div class=\"product-labels\">\n                            <\/div>\n        <\/div>\n        <div class=\"product-caption-bottom\">\n            <a href=\"https:\/\/applaka.net\/?product=bos-oto-plaka-saci-dekorsiparis-icin-iletisime-geciniz\"  data-quantity=\"1\" class=\"button product_type_simple add_to_cart_button ajax_add_to_cart\" data-product_id=\"5359\" data-product_sku=\"\" aria-label=\"Sepete ekle: \u201cBo\u015f Oto Plaka Sac\u0131 (Dekor)(Sipari\u015f i\u00e7in ileti\u015fime ge\u00e7iniz)\u201d\" rel=\"nofollow\" data-success_message=\"&quot;Bo\u015f Oto Plaka Sac\u0131 (Dekor)(Sipari\u015f i\u00e7in ileti\u015fime ge\u00e7iniz)&quot; sepetinize eklendi\" role=\"button\">Select options<\/a>        <\/div>\n    <\/div>\n<\/li>\n<li class=\"product-style-default product type-product post-5343 status-publish first instock product_cat-motor-plakasi has-post-thumbnail sale shipping-taxable purchasable product-type-simple\">\n    <div class=\"product-block\">\n        <div class=\"product-top\">\n            <h3 class=\"woocommerce-loop-product__title\"><a href=\"https:\/\/applaka.net\/?product=bisiklet-plaka\">Bisiklet Plaka<\/a><\/h3>            <div class=\"posted-in\"><a href=\"https:\/\/applaka.net\/?product_cat=motor-plakasi\" rel=\"tag\">Motor Plakas\u0131<\/a><\/div>        <\/div>\n                <div class=\"tooltip-left group-action\">\n            <div class=\"shop-action\">\n                <button class=\"woosw-btn woosw-btn-5343\" data-id=\"5343\" data-product_name=\"Bisiklet Plaka\" data-product_image=\"https:\/\/applaka.net\/wp-content\/uploads\/2025\/10\/WhatsApp-Image-2025-10-31-at-16.22.38-150x150.jpeg\" aria-label=\"Add to wishlist\">Add to wishlist<\/button><button class=\"woosc-btn woosc-btn-5343 \" data-text=\"Compare\" data-text_added=\"Compare\" data-id=\"5343\" data-product_id=\"5343\" data-product_name=\"Bisiklet Plaka\" data-product_image=\"https:\/\/applaka.net\/wp-content\/uploads\/2025\/10\/WhatsApp-Image-2025-10-31-at-16.22.38-150x150.jpeg\">Compare<\/button><button class=\"woosq-btn woosq-btn-5343\" data-id=\"5343\" data-effect=\"mfp-3d-unfold\" data-context=\"default\">Quick view<\/button>            <\/div>\n        <\/div>\n                <div class=\"product-transition\">\n            <div class=\"product-image image-main\"><img decoding=\"async\" width=\"450\" height=\"452\" src=\"https:\/\/applaka.net\/wp-content\/uploads\/2025\/10\/WhatsApp-Image-2025-10-31-at-16.22.38-450x452.jpeg\" class=\"attachment-woocommerce_thumbnail size-woocommerce_thumbnail\" alt=\"Bisiklet Plaka\" srcset=\"https:\/\/applaka.net\/wp-content\/uploads\/2025\/10\/WhatsApp-Image-2025-10-31-at-16.22.38-450x452.jpeg 450w, https:\/\/applaka.net\/wp-content\/uploads\/2025\/10\/WhatsApp-Image-2025-10-31-at-16.22.38-300x300.jpeg 300w, https:\/\/applaka.net\/wp-content\/uploads\/2025\/10\/WhatsApp-Image-2025-10-31-at-16.22.38-150x150.jpeg 150w, https:\/\/applaka.net\/wp-content\/uploads\/2025\/10\/WhatsApp-Image-2025-10-31-at-16.22.38-768x771.jpeg 768w, https:\/\/applaka.net\/wp-content\/uploads\/2025\/10\/WhatsApp-Image-2025-10-31-at-16.22.38-800x803.jpeg 800w, https:\/\/applaka.net\/wp-content\/uploads\/2025\/10\/WhatsApp-Image-2025-10-31-at-16.22.38-100x100.jpeg 100w, https:\/\/applaka.net\/wp-content\/uploads\/2025\/10\/WhatsApp-Image-2025-10-31-at-16.22.38-50x50.jpeg 50w, https:\/\/applaka.net\/wp-content\/uploads\/2025\/10\/WhatsApp-Image-2025-10-31-at-16.22.38-96x96.jpeg 96w, https:\/\/applaka.net\/wp-content\/uploads\/2025\/10\/WhatsApp-Image-2025-10-31-at-16.22.38.jpeg 828w\" sizes=\"(max-width: 450px) 100vw, 450px\" \/><\/div>                        <a href=\"https:\/\/applaka.net\/?product=bisiklet-plaka\" class=\"woocommerce-LoopProduct-link woocommerce-loop-product__link\">            <\/a>        <\/div>\n        <div class=\"product-caption\">\n            \n\t<span class=\"price\"><span class=\"woocs_price_code\" data-currency=\"\" data-redraw-id=\"69fcc1134aee5\"  data-product-id=\"5343\"><del aria-hidden=\"true\"><span class=\"woocommerce-Price-amount amount\"><bdi><span class=\"woocommerce-Price-currencySymbol\">&#8378;<\/span>&nbsp;600,00<\/bdi><\/span><\/del> <span class=\"screen-reader-text\">Orijinal fiyat: &#8378;&nbsp;600,00.<\/span><ins aria-hidden=\"true\"><span class=\"woocommerce-Price-amount amount\"><bdi><span class=\"woocommerce-Price-currencySymbol\">&#8378;<\/span>&nbsp;500,00<\/bdi><\/span><\/ins><span class=\"screen-reader-text\">\u015eu andaki fiyat: &#8378;&nbsp;500,00.<\/span><\/span><\/span>\n            <div class=\"product-labels\">\n                \n\t<span class=\"product-label onsale\">Sale  17%<\/span>\n\t            <\/div>\n        <\/div>\n        <div class=\"product-caption-bottom\">\n            <a href=\"https:\/\/applaka.net\/?product=bisiklet-plaka\"  data-quantity=\"1\" class=\"button product_type_simple add_to_cart_button ajax_add_to_cart\" data-product_id=\"5343\" data-product_sku=\"\" aria-label=\"Sepete ekle: \u201cBisiklet Plaka\u201d\" rel=\"nofollow\" data-success_message=\"&quot;Bisiklet Plaka&quot; sepetinize eklendi\" role=\"button\">Select options<\/a>        <\/div>\n    <\/div>\n<\/li>\n<\/ul><\/div>        \t\t\t\t<\/div>\n\t\t\t\t<\/div>\n\t\t\t\t\t<\/div>\n\t\t\t\t<\/div>\n\t\t\t\t<\/div>\n\t\t","protected":false},"excerpt":{"rendered":"<p>T\u00fcvt\u00fcrk Motorsiklet Plaka Motor Plakas\u0131, Uncategorized Add to wishlistCompareQuick view days hrs mins secs &#8378;&nbsp;546,00 Orijinal fiyat: &#8378;&nbsp;546,00.&#8378;&nbsp;455,00\u015eu andaki fiyat: &#8378;&nbsp;455,00. Sale 17% Select options Bisiklet Plaka Motor Plakas\u0131, Standart Plaka Add to wishlistCompareQuick view &#8378;&nbsp;600,00 Orijinal fiyat: &#8378;&nbsp;600,00.&#8378;&nbsp;500,00\u015eu andaki fiyat: &#8378;&nbsp;500,00. Sale 17% Select options<\/p>\n","protected":false},"author":1,"featured_media":0,"parent":0,"menu_order":0,"comment_status":"closed","ping_status":"closed","template":"","meta":{"footnotes":""},"class_list":["post-5289","page","type-page","status-publish","hentry"],"_links":{"self":[{"href":"https:\/\/applaka.net\/index.php?rest_route=\/wp\/v2\/pages\/5289","targetHints":{"allow":["GET"]}}],"collection":[{"href":"https:\/\/applaka.net\/index.php?rest_route=\/wp\/v2\/pages"}],"about":[{"href":"https:\/\/applaka.net\/index.php?rest_route=\/wp\/v2\/types\/page"}],"author":[{"embeddable":true,"href":"https:\/\/applaka.net\/index.php?rest_route=\/wp\/v2\/users\/1"}],"replies":[{"embeddable":true,"href":"https:\/\/applaka.net\/index.php?rest_route=%2Fwp%2Fv2%2Fcomments&post=5289"}],"version-history":[{"count":8,"href":"https:\/\/applaka.net\/index.php?rest_route=\/wp\/v2\/pages\/5289\/revisions"}],"predecessor-version":[{"id":5443,"href":"https:\/\/applaka.net\/index.php?rest_route=\/wp\/v2\/pages\/5289\/revisions\/5443"}],"wp:attachment":[{"href":"https:\/\/applaka.net\/index.php?rest_route=%2Fwp%2Fv2%2Fmedia&parent=5289"}],"curies":[{"name":"wp","href":"https:\/\/api.w.org\/{rel}","templated":true}]}}