{"id":5353,"date":"2025-10-31T14:12:36","date_gmt":"2025-10-31T14:12:36","guid":{"rendered":"https:\/\/applaka.net\/?post_type=product&#038;p=5353"},"modified":"2025-11-01T10:25:21","modified_gmt":"2025-11-01T10:25:21","slug":"muhurluuzun-muhurlukare-app-plaka","status":"publish","type":"product","link":"https:\/\/applaka.net\/?product=muhurluuzun-muhurlukare-app-plaka","title":{"rendered":"M\u00fch\u00fcrl\u00fc(Uzun) + M\u00fch\u00fcrl\u00fc(Kare) App Plaka"},"content":{"rendered":"","protected":false},"excerpt":{"rendered":"","protected":false},"featured_media":5345,"comment_status":"open","ping_status":"closed","template":"","meta":[],"product_cat":[64],"product_tag":[],"class_list":{"0":"post-5353","1":"product","2":"type-product","3":"status-publish","4":"has-post-thumbnail","6":"product_cat-app-plaka","8":"first","9":"instock","10":"sale","11":"shipping-taxable","12":"purchasable","13":"product-type-variable"},"_links":{"self":[{"href":"https:\/\/applaka.net\/index.php?rest_route=\/wp\/v2\/product\/5353","targetHints":{"allow":["GET"]}}],"collection":[{"href":"https:\/\/applaka.net\/index.php?rest_route=\/wp\/v2\/product"}],"about":[{"href":"https:\/\/applaka.net\/index.php?rest_route=\/wp\/v2\/types\/product"}],"replies":[{"embeddable":true,"href":"https:\/\/applaka.net\/index.php?rest_route=%2Fwp%2Fv2%2Fcomments&post=5353"}],"wp:featuredmedia":[{"embeddable":true,"href":"https:\/\/applaka.net\/index.php?rest_route=\/wp\/v2\/media\/5345"}],"wp:attachment":[{"href":"https:\/\/applaka.net\/index.php?rest_route=%2Fwp%2Fv2%2Fmedia&parent=5353"}],"wp:term":[{"taxonomy":"product_cat","embeddable":true,"href":"https:\/\/applaka.net\/index.php?rest_route=%2Fwp%2Fv2%2Fproduct_cat&post=5353"},{"taxonomy":"product_tag","embeddable":true,"href":"https:\/\/applaka.net\/index.php?rest_route=%2Fwp%2Fv2%2Fproduct_tag&post=5353"}],"curies":[{"name":"wp","href":"https:\/\/api.w.org\/{rel}","templated":true}]}}