{"id":5356,"date":"2025-10-31T14:16:53","date_gmt":"2025-10-31T14:16:53","guid":{"rendered":"https:\/\/applaka.net\/?post_type=product&#038;p=5356"},"modified":"2025-11-01T20:31:00","modified_gmt":"2025-11-01T20:31:00","slug":"muhurluuzunmuhurlukare-standart-plaka","status":"publish","type":"product","link":"https:\/\/applaka.net\/?product=muhurluuzunmuhurlukare-standart-plaka","title":{"rendered":"M\u00fch\u00fcrl\u00fc(Uzun)+M\u00fch\u00fcrl\u00fc(Kare) Standart Plaka"},"content":{"rendered":"","protected":false},"excerpt":{"rendered":"","protected":false},"featured_media":5350,"comment_status":"open","ping_status":"closed","template":"","meta":[],"product_cat":[65],"product_tag":[],"class_list":{"0":"post-5356","1":"product","2":"type-product","3":"status-publish","4":"has-post-thumbnail","6":"product_cat-standart-plaka","8":"first","9":"instock","10":"sale","11":"shipping-taxable","12":"purchasable","13":"product-type-variable"},"_links":{"self":[{"href":"https:\/\/applaka.net\/index.php?rest_route=\/wp\/v2\/product\/5356","targetHints":{"allow":["GET"]}}],"collection":[{"href":"https:\/\/applaka.net\/index.php?rest_route=\/wp\/v2\/product"}],"about":[{"href":"https:\/\/applaka.net\/index.php?rest_route=\/wp\/v2\/types\/product"}],"replies":[{"embeddable":true,"href":"https:\/\/applaka.net\/index.php?rest_route=%2Fwp%2Fv2%2Fcomments&post=5356"}],"wp:featuredmedia":[{"embeddable":true,"href":"https:\/\/applaka.net\/index.php?rest_route=\/wp\/v2\/media\/5350"}],"wp:attachment":[{"href":"https:\/\/applaka.net\/index.php?rest_route=%2Fwp%2Fv2%2Fmedia&parent=5356"}],"wp:term":[{"taxonomy":"product_cat","embeddable":true,"href":"https:\/\/applaka.net\/index.php?rest_route=%2Fwp%2Fv2%2Fproduct_cat&post=5356"},{"taxonomy":"product_tag","embeddable":true,"href":"https:\/\/applaka.net\/index.php?rest_route=%2Fwp%2Fv2%2Fproduct_tag&post=5356"}],"curies":[{"name":"wp","href":"https:\/\/api.w.org\/{rel}","templated":true}]}}