{"id":5359,"date":"2025-10-31T14:26:12","date_gmt":"2025-10-31T14:26:12","guid":{"rendered":"https:\/\/applaka.net\/?post_type=product&#038;p=5359"},"modified":"2026-04-29T18:57:18","modified_gmt":"2026-04-29T18:57:18","slug":"bos-oto-plaka-saci-dekorsiparis-icin-iletisime-geciniz","status":"publish","type":"product","link":"https:\/\/applaka.net\/?product=bos-oto-plaka-saci-dekorsiparis-icin-iletisime-geciniz","title":{"rendered":"Bo\u015f Oto Plaka Sac\u0131 (Dekor)(Sipari\u015f i\u00e7in ileti\u015fime ge\u00e7iniz)"},"content":{"rendered":"<p><strong>\u0130thal dekor oto plaka sac\u0131 ve dekor oto kare plaka sac\u0131 ve ayn\u0131 \u015fekilde dekor motor plaka sac\u0131 sar\u0131 beyaz ve ye\u015fil renkleri de mevcut.<\/strong><\/p>\n<p><strong>Otoparklar\u0131n ,site y\u00f6netimlerinin, dizi ve film \u015firketlerinin, d\u00fc\u011f\u00fcn organizasyon \u015firketlerinin kullan\u0131mlar\u0131na uygundur.<\/strong><\/p>\n","protected":false},"excerpt":{"rendered":"<p>\u0130thal dekor oto plaka sac\u0131 ve dekor oto kare plaka sac\u0131 ve ayn\u0131 \u015fekilde dekor motor plaka sac\u0131 sar\u0131 beyaz ve ye\u015fil renkleri de mevcut. Otoparklar\u0131n ,site y\u00f6netimlerinin, dizi ve film \u015firketlerinin, d\u00fc\u011f\u00fcn organizasyon \u015firketlerinin kullan\u0131mlar\u0131na uygundur.<\/p>\n","protected":false},"featured_media":5360,"comment_status":"open","ping_status":"closed","template":"","meta":[],"product_cat":[64,61,62,65],"product_tag":[],"class_list":{"0":"post-5359","1":"product","2":"type-product","3":"status-publish","4":"has-post-thumbnail","6":"product_cat-app-plaka","7":"product_cat-motor-plakasi","8":"product_cat-plakalik","9":"product_cat-standart-plaka","11":"first","12":"instock","13":"shipping-taxable","14":"purchasable","15":"product-type-simple"},"_links":{"self":[{"href":"https:\/\/applaka.net\/index.php?rest_route=\/wp\/v2\/product\/5359","targetHints":{"allow":["GET"]}}],"collection":[{"href":"https:\/\/applaka.net\/index.php?rest_route=\/wp\/v2\/product"}],"about":[{"href":"https:\/\/applaka.net\/index.php?rest_route=\/wp\/v2\/types\/product"}],"replies":[{"embeddable":true,"href":"https:\/\/applaka.net\/index.php?rest_route=%2Fwp%2Fv2%2Fcomments&post=5359"}],"wp:featuredmedia":[{"embeddable":true,"href":"https:\/\/applaka.net\/index.php?rest_route=\/wp\/v2\/media\/5360"}],"wp:attachment":[{"href":"https:\/\/applaka.net\/index.php?rest_route=%2Fwp%2Fv2%2Fmedia&parent=5359"}],"wp:term":[{"taxonomy":"product_cat","embeddable":true,"href":"https:\/\/applaka.net\/index.php?rest_route=%2Fwp%2Fv2%2Fproduct_cat&post=5359"},{"taxonomy":"product_tag","embeddable":true,"href":"https:\/\/applaka.net\/index.php?rest_route=%2Fwp%2Fv2%2Fproduct_tag&post=5359"}],"curies":[{"name":"wp","href":"https:\/\/api.w.org\/{rel}","templated":true}]}}