{"id":5423,"date":"2025-11-05T10:51:08","date_gmt":"2025-11-05T10:51:08","guid":{"rendered":"https:\/\/applaka.net\/?post_type=product&#038;p=5423"},"modified":"2025-11-07T12:04:35","modified_gmt":"2025-11-07T12:04:35","slug":"muhurlu-uzun-app-plaka-2","status":"publish","type":"product","link":"https:\/\/applaka.net\/?product=muhurlu-uzun-app-plaka-2","title":{"rendered":"M\u00fch\u00fcrl\u00fc (Uzun) App Plaka"},"content":{"rendered":"","protected":false},"excerpt":{"rendered":"","protected":false},"featured_media":5345,"comment_status":"open","ping_status":"closed","template":"","meta":[],"product_cat":[64],"product_tag":[],"class_list":{"0":"post-5423","1":"product","2":"type-product","3":"status-publish","4":"has-post-thumbnail","6":"product_cat-app-plaka","8":"first","9":"instock","10":"sale","11":"shipping-taxable","12":"purchasable","13":"product-type-variable"},"_links":{"self":[{"href":"https:\/\/applaka.net\/index.php?rest_route=\/wp\/v2\/product\/5423","targetHints":{"allow":["GET"]}}],"collection":[{"href":"https:\/\/applaka.net\/index.php?rest_route=\/wp\/v2\/product"}],"about":[{"href":"https:\/\/applaka.net\/index.php?rest_route=\/wp\/v2\/types\/product"}],"replies":[{"embeddable":true,"href":"https:\/\/applaka.net\/index.php?rest_route=%2Fwp%2Fv2%2Fcomments&post=5423"}],"wp:featuredmedia":[{"embeddable":true,"href":"https:\/\/applaka.net\/index.php?rest_route=\/wp\/v2\/media\/5345"}],"wp:attachment":[{"href":"https:\/\/applaka.net\/index.php?rest_route=%2Fwp%2Fv2%2Fmedia&parent=5423"}],"wp:term":[{"taxonomy":"product_cat","embeddable":true,"href":"https:\/\/applaka.net\/index.php?rest_route=%2Fwp%2Fv2%2Fproduct_cat&post=5423"},{"taxonomy":"product_tag","embeddable":true,"href":"https:\/\/applaka.net\/index.php?rest_route=%2Fwp%2Fv2%2Fproduct_tag&post=5423"}],"curies":[{"name":"wp","href":"https:\/\/api.w.org\/{rel}","templated":true}]}}